{"id":2652,"date":"2025-08-15T08:43:10","date_gmt":"2025-08-15T08:43:10","guid":{"rendered":"https:\/\/aosen-pickup.com\/?post_type=product&#038;p=2652"},"modified":"2025-09-22T09:13:59","modified_gmt":"2025-09-22T09:13:59","slug":"black-can-holder-2","status":"publish","type":"product","link":"https:\/\/aosen-pickup.com\/pt\/produto\/black-can-holder-2\/","title":{"rendered":"SUPORTE PARA LATAS PRETO 2"},"content":{"rendered":"<p>Normalmente, usamos alum\u00ednio de 3,0 mm de espessura como material, que \u00e9 mais espesso e mais forte. Alguns orif\u00edcios tornam o porta-latas mais bonito e f\u00e1cil de transportar. Os furos s\u00e3o usados para suspens\u00e3o e vazamento de \u00e1gua. N\u00f3s somos fabricantes profissionais de produtos exteriores, como outras pe\u00e7as de cami\u00e3o ou pickup na China. Qualquer coment\u00e1rio, por favor, venha at\u00e9 mim sem hesitar.<\/p>\n<p>3.0~4.0 Liga plana de alum\u00ednio<\/p>\n<p>Corte a laser<\/p>\n<p>Cor: Preto\/branco \/ RAW<\/p>\n<p>Diferentes materiais, espessuras e acess\u00f3rios t\u00eam pre\u00e7os diferentes, por favor envie-nos um email para o seu or\u00e7amento!<\/p>\n<p>&nbsp;<\/p>","protected":false},"excerpt":{"rendered":"<p>We usually use 3.0mm thick aluminum as the material and it&#8217;s thicken and stronger.There are some holes will make can holder look more beautiful and easy to carry. The holes are used for suspension and water leakage.we are professional manufacturer of exterior products, like other truck or pickup parts in China. Any comment,please come to [&hellip;]<\/p>","protected":false},"featured_media":2685,"template":"","meta":{"site-sidebar-layout":"default","site-content-layout":"","ast-site-content-layout":"default","site-content-style":"default","site-sidebar-style":"default","ast-global-header-display":"","ast-banner-title-visibility":"","ast-main-header-display":"","ast-hfb-above-header-display":"","ast-hfb-below-header-display":"","ast-hfb-mobile-header-display":"","site-post-title":"","ast-breadcrumbs-content":"","ast-featured-img":"","footer-sml-layout":"","theme-transparent-header-meta":"default","adv-header-id-meta":"","stick-header-meta":"","header-above-stick-meta":"","header-main-stick-meta":"","header-below-stick-meta":"","astra-migrate-meta-layouts":"set","ast-page-background-enabled":"default","ast-page-background-meta":{"desktop":{"background-color":"var(--ast-global-color-4)","background-image":"","background-repeat":"repeat","background-position":"center center","background-size":"auto","background-attachment":"scroll","background-type":"","background-media":"","overlay-type":"","overlay-color":"","overlay-opacity":"","overlay-gradient":""},"tablet":{"background-color":"","background-image":"","background-repeat":"repeat","background-position":"center center","background-size":"auto","background-attachment":"scroll","background-type":"","background-media":"","overlay-type":"","overlay-color":"","overlay-opacity":"","overlay-gradient":""},"mobile":{"background-color":"","background-image":"","background-repeat":"repeat","background-position":"center center","background-size":"auto","background-attachment":"scroll","background-type":"","background-media":"","overlay-type":"","overlay-color":"","overlay-opacity":"","overlay-gradient":""}},"ast-content-background-meta":{"desktop":{"background-color":"var(--ast-global-color-5)","background-image":"","background-repeat":"repeat","background-position":"center center","background-size":"auto","background-attachment":"scroll","background-type":"","background-media":"","overlay-type":"","overlay-color":"","overlay-opacity":"","overlay-gradient":""},"tablet":{"background-color":"var(--ast-global-color-5)","background-image":"","background-repeat":"repeat","background-position":"center center","background-size":"auto","background-attachment":"scroll","background-type":"","background-media":"","overlay-type":"","overlay-color":"","overlay-opacity":"","overlay-gradient":""},"mobile":{"background-color":"var(--ast-global-color-5)","background-image":"","background-repeat":"repeat","background-position":"center center","background-size":"auto","background-attachment":"scroll","background-type":"","background-media":"","overlay-type":"","overlay-color":"","overlay-opacity":"","overlay-gradient":""}}},"product_brand":[],"product_cat":[45,26],"product_tag":[],"class_list":{"0":"post-2652","1":"product","2":"type-product","3":"status-publish","4":"has-post-thumbnail","6":"product_cat-optional-extras","7":"product_cat-pickup-accessories","8":"desktop-align-left","9":"tablet-align-left","10":"mobile-align-left","11":"ast-product-gallery-layout-horizontal-slider","12":"ast-product-tabs-layout-horizontal","14":"first","15":"instock","16":"shipping-taxable","17":"purchasable","18":"product-type-simple"},"_links":{"self":[{"href":"https:\/\/aosen-pickup.com\/pt\/wp-json\/wp\/v2\/product\/2652","targetHints":{"allow":["GET"]}}],"collection":[{"href":"https:\/\/aosen-pickup.com\/pt\/wp-json\/wp\/v2\/product"}],"about":[{"href":"https:\/\/aosen-pickup.com\/pt\/wp-json\/wp\/v2\/types\/product"}],"wp:featuredmedia":[{"embeddable":true,"href":"https:\/\/aosen-pickup.com\/pt\/wp-json\/wp\/v2\/media\/2685"}],"wp:attachment":[{"href":"https:\/\/aosen-pickup.com\/pt\/wp-json\/wp\/v2\/media?parent=2652"}],"wp:term":[{"taxonomy":"product_brand","embeddable":true,"href":"https:\/\/aosen-pickup.com\/pt\/wp-json\/wp\/v2\/product_brand?post=2652"},{"taxonomy":"product_cat","embeddable":true,"href":"https:\/\/aosen-pickup.com\/pt\/wp-json\/wp\/v2\/product_cat?post=2652"},{"taxonomy":"product_tag","embeddable":true,"href":"https:\/\/aosen-pickup.com\/pt\/wp-json\/wp\/v2\/product_tag?post=2652"}],"curies":[{"name":"wp","href":"https:\/\/api.w.org\/{rel}","templated":true}]}}